{"id":116,"date":"2016-06-21T13:34:22","date_gmt":"2016-06-21T13:34:22","guid":{"rendered":"http:\/\/themebubble.com\/demo\/adios\/?page_id=116"},"modified":"2024-08-02T15:29:59","modified_gmt":"2024-08-02T13:29:59","slug":"kontakt","status":"publish","type":"page","link":"http:\/\/cuoremilano.eu\/index.php\/kontakt\/","title":{"rendered":"Kontakt"},"content":{"rendered":"<section  class=\"section no pb-100\"><div class=\"row\"><div class=\"wpb_column col-md-2 col-sm-3 wow zoomIn have-padding\" data-wow-delay=\"0.2s\"><div class=\"item-padd-mob section-text text-block \" ><div class=\"simple-text md\"><div class=\"title-style-2 text-next\">\n<div class=\"sub-title\">\n<h5 class=\"h5\">B\u0105d\u017amy w kontakcie<\/h5>\n<\/div>\n<\/div>\n<\/div><\/div><\/div><div class=\"wpb_column col-md-3 col-sm-9 wow zoomIn have-padding\" data-wow-delay=\"0.4s\"><div class=\"item-padd-mob section-text text-block \" ><div class=\"simple-text md\"><div class=\"simple-text lg\">\n<p>Pytania, uwagi, sugestie &#8211; piszcie, ch\u0119tnie odpowiemy.<\/p>\n<\/div>\n<\/div><\/div><\/div><div class=\"wpb_column col-md-7 col-sm-12 wow zoomIn have-padding\" data-wow-delay=\"0.6s\"><div class=\"wpforms-container wpforms-container-full wpforms-render-modern\" id=\"wpforms-1030\"><form id=\"wpforms-form-1030\" class=\"wpforms-validate wpforms-form wpforms-ajax-form\" data-formid=\"1030\" method=\"post\" enctype=\"multipart\/form-data\" action=\"\/index.php\/wp-json\/wp\/v2\/pages\/116\" data-token=\"f302d9516b9fc0d22b371168c81ec699\" data-token-time=\"1777713571\"><noscript class=\"wpforms-error-noscript\">Aby wype\u0142ni\u0107 ten formularz, w\u0142\u0105cz obs\u0142ug\u0119 JavaScript w przegl\u0105darce.<\/noscript><div class=\"wpforms-hidden\" id=\"wpforms-error-noscript\">Aby wype\u0142ni\u0107 ten formularz, w\u0142\u0105cz obs\u0142ug\u0119 JavaScript w przegl\u0105darce.<\/div><div class=\"wpforms-field-container\"><div id=\"wpforms-1030-field_0-container\" class=\"wpforms-field wpforms-field-name\" data-field-id=\"0\"><label class=\"wpforms-field-label\" for=\"wpforms-1030-field_0\">Imi\u0119 i nazwisko <span class=\"wpforms-required-label\" aria-hidden=\"true\">*<\/span><\/label><input type=\"text\" id=\"wpforms-1030-field_0\" class=\"wpforms-field-medium wpforms-field-required\" name=\"wpforms[fields][0]\" aria-errormessage=\"wpforms-1030-field_0-error\" required><\/div><div id=\"wpforms-1030-field_1-container\" class=\"wpforms-field wpforms-field-email\" data-field-id=\"1\"><label class=\"wpforms-field-label\" for=\"wpforms-1030-field_1\">Adres e-mail <span class=\"wpforms-required-label\" aria-hidden=\"true\">*<\/span><\/label><input type=\"email\" id=\"wpforms-1030-field_1\" class=\"wpforms-field-medium wpforms-field-required\" name=\"wpforms[fields][1]\" spellcheck=\"false\" aria-errormessage=\"wpforms-1030-field_1-error\" required><\/div><div id=\"wpforms-1030-field_2-container\" class=\"wpforms-field wpforms-field-textarea\" data-field-id=\"2\"><label class=\"wpforms-field-label\" for=\"wpforms-1030-field_2\">Komentarz lub wiadomo\u015b\u0107<\/label><textarea id=\"wpforms-1030-field_2\" class=\"wpforms-field-medium\" name=\"wpforms[fields][2]\" aria-errormessage=\"wpforms-1030-field_2-error\" ><\/textarea><\/div><div id=\"wpforms-1030-field_3-container\" class=\"wpforms-field wpforms-field-checkbox\" data-field-id=\"3\"><fieldset><legend class=\"wpforms-field-label\">Pola wyboru <span class=\"wpforms-required-label\" aria-hidden=\"true\">*<\/span><\/legend><ul id=\"wpforms-1030-field_3\" class=\"wpforms-field-required\" data-choice-limit=\"2\"><li class=\"choice-1 depth-1\"><input type=\"checkbox\" id=\"wpforms-1030-field_3_1\" data-rule-check-limit=\"true\" name=\"wpforms[fields][3][]\" value=\"Zapozna\u0142am\/-em si\u0119 z polityk\u0105 prywatno\u015bci i wyra\u017cam zgod\u0119 na przetwarzanie moich danych osobowych w celu odpowiedzi na zadane pytanie\" aria-errormessage=\"wpforms-1030-field_3_1-error\" aria-describedby=\"wpforms-1030-field_3-description\" required ><label class=\"wpforms-field-label-inline\" for=\"wpforms-1030-field_3_1\">Zapozna\u0142am\/-em si\u0119 z polityk\u0105 prywatno\u015bci i wyra\u017cam zgod\u0119 na przetwarzanie moich danych osobowych w celu odpowiedzi na zadane pytanie<\/label><\/li><\/ul><div id=\"wpforms-1030-field_3-description\" class=\"wpforms-field-description\">Administratorem Pa\u0144stwa danych jest F.H. \u201eGREGORIO\u201d z siedzib\u0105 w Ustroniu (43-450), ul. 3 Maja 24a, kontakt: dane@gregorio.pl. Przekazane nam dane osobowe b\u0119d\u0105 przetwarzane w celu udzielenia Pa\u0144stwu odpowiedzi na wys\u0142an\u0105 wiadomo\u015b\u0107. W zwi\u0105zku z tym przys\u0142uguj\u0105 Pa\u0144stwu wszystkie prawa wynikaj\u0105ce z RODO, tj. prawo dost\u0119pu, edycji oraz usuni\u0119cia Pa\u0144stwa danych, ograniczenia lub sprzeciwu co do ich przetwarzania, prawo do ich przenoszenia, a tak\u017ce prawo wniesienia skargi do organu nadzorczego. <a href=\"https:\/\/gregorio.pl\/polityka-prywatnosci\/\">Tutaj<\/a> dowiesz si\u0119 wi\u0119cej o tym, jak chronimy Twoje dane. Tutaj.<\/div><\/fieldset><\/div><\/div><!-- .wpforms-field-container --><div class=\"wpforms-submit-container\" ><input type=\"hidden\" name=\"wpforms[id]\" value=\"1030\"><input type=\"hidden\" name=\"page_title\" value=\"\"><input type=\"hidden\" name=\"page_url\" value=\"http:\/\/cuoremilano.eu\/index.php\/wp-json\/wp\/v2\/pages\/116\"><button type=\"submit\" name=\"wpforms[submit]\" id=\"wpforms-submit-1030\" class=\"wpforms-submit\" data-alt-text=\"Wysy\u0142anie...\" data-submit-text=\"Prze\u015blij\" aria-live=\"assertive\" value=\"wpforms-submit\">Prze\u015blij<\/button><img decoding=\"async\" src=\"http:\/\/cuoremilano.eu\/wp-content\/plugins\/wpforms-lite\/assets\/images\/submit-spin.svg\" class=\"wpforms-submit-spinner\" style=\"display: none;\" width=\"26\" height=\"26\" alt=\"Wczytywanie\"><\/div><\/form><\/div>  <!-- .wpforms-container --><\/div><\/div><\/section><section  class=\"section no pt-100 pb-100 border-top\"><div class=\"row\"><div class=\"wpb_column col-md-2 col-sm-3 wow zoomIn have-padding\" data-wow-delay=\"0.2s\"><div class=\"item-padd-mob section-text text-block \" ><div class=\"simple-text md\"><div class=\"title-style-2 text-next\">\n<div class=\"sub-title\">\n<h5 class=\"h5\">Adres<\/h5>\n<\/div>\n<\/div>\n<\/div><\/div><\/div><div class=\"wpb_column col-md-3 col-sm-9 wow zoomIn have-padding\" data-wow-delay=\"0.4s\"><div class=\"item-padd-mob section-text text-block \" ><div class=\"simple-text md\"><div class=\"simple-text lg\">\n<p><a class=\"font-type\" href=\"#\">Cuore Milano<\/a><\/p>\n<ul class=\"adress-list\">\n<li>3 Maja 24a<\/li>\n<li>43-450 Ustro\u0144 (PL)<\/li>\n<li><a href=\"tel:\">+48 33 854 48 02<\/a><\/li>\n<\/ul>\n<\/div>\n<\/div><\/div><\/div><div class=\"wpb_column col-md-7 col-sm-12 wow zoomIn have-padding\" data-wow-delay=\"0.6s\">[vc_gmaps link=&#8221;#E-8_JTNDaWZyYW1lJTIwc3JjJTNEJTIyaHR0cHMlM0ElMkYlMkZ3d3cuZ29vZ2xlLmNvbSUyRm1hcHMlMkZlbWJlZCUzRnBiJTNEJTIxMW0xNCUyMTFtOCUyMTFtMyUyMTFkMjU3OS43OTI0NDQ1NDA3OTk0JTIxMmQxOC44MTQxMjk1JTIxM2Q0OS43MTQ3MDkxJTIxM20yJTIxMWkxMDI0JTIxMmk3NjglMjE0ZjEzLjElMjEzbTMlMjExbTIlMjExczB4NDcxNDFiZjRiODdmYjAyMyUyNTNBMHg1NTU2NWY1MjA2NWZhMmUxJTIxMnMzJTI1MjBNYWphJTI1MjAyNEElMjUyQyUyNTIwNDMtNDUwJTI1MjBVc3RybyUyNUM1JTI1ODQlMjE1ZTAlMjEzbTIlMjExc3BsJTIxMnNwbCUyMTR2MTcyMjYwNTMwNjI4OSUyMTVtMiUyMTFzcGwlMjEyc3BsJTIyJTIwd2lkdGglM0QlMjI2MDAlMjIlMjBoZWlnaHQlM0QlMjI0NTAlMjIlMjBzdHlsZSUzRCUyMmJvcmRlciUzQTAlM0IlMjIlMjBhbGxvd2Z1bGxzY3JlZW4lM0QlMjIlMjIlMjBsb2FkaW5nJTNEJTIybGF6eSUyMiUyMHJlZmVycmVycG9saWN5JTNEJTIybm8tcmVmZXJyZXItd2hlbi1kb3duZ3JhZGUlMjIlM0UlM0MlMkZpZnJhbWUlM0U=&#8221;]<\/div><\/div><\/section><section  class=\"section no\"><div class=\"row\"><div class=\"wpb_column col-md-12 have-padding\"><\/div><\/div><\/section>\n","protected":false},"excerpt":{"rendered":"B\u0105d\u017amy w kontakcie Pytania, uwagi, sugestie - piszcie, ch\u0119tnie odpowiemy. Aby wype\u0142ni\u0107 ten formularz, w\u0142\u0105cz obs\u0142ug\u0119 JavaScript w przegl\u0105darce.Aby wype\u0142ni\u0107 ten formularz, w\u0142\u0105cz obs\u0142ug\u0119 JavaScript w przegl\u0105darce.Imi\u0119 i nazwisko *Adres e-mail *Komentarz lub wiadomo\u015b\u0107Pola wyboru *Zapozna\u0142am\/-em si\u0119 z polityk\u0105 prywatno\u015bci i wyra\u017cam zgod\u0119 na przetwarzanie moich danych osobowych w celu odpowiedzi na zadane pytanieAdministratorem Pa\u0144stwa [...]","protected":false},"author":1,"featured_media":0,"parent":0,"menu_order":0,"comment_status":"closed","ping_status":"closed","template":"","meta":{"footnotes":""},"class_list":["post-116","page","type-page","status-publish","hentry"],"yoast_head":"<!-- This site is optimized with the Yoast SEO plugin v24.0 - https:\/\/yoast.com\/wordpress\/plugins\/seo\/ -->\n<title>Kontakt - Coure Milano<\/title>\n<meta name=\"robots\" content=\"index, follow, max-snippet:-1, max-image-preview:large, max-video-preview:-1\" \/>\n<link rel=\"canonical\" href=\"http:\/\/cuoremilano.eu\/index.php\/kontakt\/\" \/>\n<meta property=\"og:locale\" content=\"pl_PL\" \/>\n<meta property=\"og:type\" content=\"article\" \/>\n<meta property=\"og:title\" content=\"Kontakt - Coure Milano\" \/>\n<meta property=\"og:url\" content=\"http:\/\/cuoremilano.eu\/index.php\/kontakt\/\" \/>\n<meta property=\"og:site_name\" content=\"Coure Milano\" \/>\n<meta property=\"article:modified_time\" content=\"2024-08-02T13:29:59+00:00\" \/>\n<meta name=\"twitter:card\" content=\"summary_large_image\" \/>\n<meta name=\"twitter:label1\" content=\"Szacowany czas czytania\" \/>\n\t<meta name=\"twitter:data1\" content=\"1 minuta\" \/>\n<script type=\"application\/ld+json\" class=\"yoast-schema-graph\">{\"@context\":\"https:\/\/schema.org\",\"@graph\":[{\"@type\":\"WebPage\",\"@id\":\"http:\/\/cuoremilano.eu\/index.php\/kontakt\/\",\"url\":\"http:\/\/cuoremilano.eu\/index.php\/kontakt\/\",\"name\":\"Kontakt - Coure Milano\",\"isPartOf\":{\"@id\":\"https:\/\/cuoremilano.eu\/#website\"},\"datePublished\":\"2016-06-21T13:34:22+00:00\",\"dateModified\":\"2024-08-02T13:29:59+00:00\",\"breadcrumb\":{\"@id\":\"http:\/\/cuoremilano.eu\/index.php\/kontakt\/#breadcrumb\"},\"inLanguage\":\"pl-PL\",\"potentialAction\":[{\"@type\":\"ReadAction\",\"target\":[\"http:\/\/cuoremilano.eu\/index.php\/kontakt\/\"]}]},{\"@type\":\"BreadcrumbList\",\"@id\":\"http:\/\/cuoremilano.eu\/index.php\/kontakt\/#breadcrumb\",\"itemListElement\":[{\"@type\":\"ListItem\",\"position\":1,\"name\":\"Strona g\u0142\u00f3wna\",\"item\":\"https:\/\/cuoremilano.eu\/\"},{\"@type\":\"ListItem\",\"position\":2,\"name\":\"Kontakt\"}]},{\"@type\":\"WebSite\",\"@id\":\"https:\/\/cuoremilano.eu\/#website\",\"url\":\"https:\/\/cuoremilano.eu\/\",\"name\":\"Coure Milano\",\"description\":\"\",\"publisher\":{\"@id\":\"https:\/\/cuoremilano.eu\/#organization\"},\"potentialAction\":[{\"@type\":\"SearchAction\",\"target\":{\"@type\":\"EntryPoint\",\"urlTemplate\":\"https:\/\/cuoremilano.eu\/?s={search_term_string}\"},\"query-input\":{\"@type\":\"PropertyValueSpecification\",\"valueRequired\":true,\"valueName\":\"search_term_string\"}}],\"inLanguage\":\"pl-PL\"},{\"@type\":\"Organization\",\"@id\":\"https:\/\/cuoremilano.eu\/#organization\",\"name\":\"Coure Milano\",\"url\":\"https:\/\/cuoremilano.eu\/\",\"logo\":{\"@type\":\"ImageObject\",\"inLanguage\":\"pl-PL\",\"@id\":\"https:\/\/cuoremilano.eu\/#\/schema\/logo\/image\/\",\"url\":\"http:\/\/cuoremilano.eu\/wp-content\/uploads\/2024\/07\/Logo_CM.png\",\"contentUrl\":\"http:\/\/cuoremilano.eu\/wp-content\/uploads\/2024\/07\/Logo_CM.png\",\"width\":150,\"height\":65,\"caption\":\"Coure Milano\"},\"image\":{\"@id\":\"https:\/\/cuoremilano.eu\/#\/schema\/logo\/image\/\"}}]}<\/script>\n<!-- \/ Yoast SEO plugin. -->","yoast_head_json":{"title":"Kontakt - Coure Milano","robots":{"index":"index","follow":"follow","max-snippet":"max-snippet:-1","max-image-preview":"max-image-preview:large","max-video-preview":"max-video-preview:-1"},"canonical":"http:\/\/cuoremilano.eu\/index.php\/kontakt\/","og_locale":"pl_PL","og_type":"article","og_title":"Kontakt - Coure Milano","og_url":"http:\/\/cuoremilano.eu\/index.php\/kontakt\/","og_site_name":"Coure Milano","article_modified_time":"2024-08-02T13:29:59+00:00","twitter_card":"summary_large_image","twitter_misc":{"Szacowany czas czytania":"1 minuta"},"schema":{"@context":"https:\/\/schema.org","@graph":[{"@type":"WebPage","@id":"http:\/\/cuoremilano.eu\/index.php\/kontakt\/","url":"http:\/\/cuoremilano.eu\/index.php\/kontakt\/","name":"Kontakt - Coure Milano","isPartOf":{"@id":"https:\/\/cuoremilano.eu\/#website"},"datePublished":"2016-06-21T13:34:22+00:00","dateModified":"2024-08-02T13:29:59+00:00","breadcrumb":{"@id":"http:\/\/cuoremilano.eu\/index.php\/kontakt\/#breadcrumb"},"inLanguage":"pl-PL","potentialAction":[{"@type":"ReadAction","target":["http:\/\/cuoremilano.eu\/index.php\/kontakt\/"]}]},{"@type":"BreadcrumbList","@id":"http:\/\/cuoremilano.eu\/index.php\/kontakt\/#breadcrumb","itemListElement":[{"@type":"ListItem","position":1,"name":"Strona g\u0142\u00f3wna","item":"https:\/\/cuoremilano.eu\/"},{"@type":"ListItem","position":2,"name":"Kontakt"}]},{"@type":"WebSite","@id":"https:\/\/cuoremilano.eu\/#website","url":"https:\/\/cuoremilano.eu\/","name":"Coure Milano","description":"","publisher":{"@id":"https:\/\/cuoremilano.eu\/#organization"},"potentialAction":[{"@type":"SearchAction","target":{"@type":"EntryPoint","urlTemplate":"https:\/\/cuoremilano.eu\/?s={search_term_string}"},"query-input":{"@type":"PropertyValueSpecification","valueRequired":true,"valueName":"search_term_string"}}],"inLanguage":"pl-PL"},{"@type":"Organization","@id":"https:\/\/cuoremilano.eu\/#organization","name":"Coure Milano","url":"https:\/\/cuoremilano.eu\/","logo":{"@type":"ImageObject","inLanguage":"pl-PL","@id":"https:\/\/cuoremilano.eu\/#\/schema\/logo\/image\/","url":"http:\/\/cuoremilano.eu\/wp-content\/uploads\/2024\/07\/Logo_CM.png","contentUrl":"http:\/\/cuoremilano.eu\/wp-content\/uploads\/2024\/07\/Logo_CM.png","width":150,"height":65,"caption":"Coure Milano"},"image":{"@id":"https:\/\/cuoremilano.eu\/#\/schema\/logo\/image\/"}}]}},"_links":{"self":[{"href":"http:\/\/cuoremilano.eu\/index.php\/wp-json\/wp\/v2\/pages\/116","targetHints":{"allow":["GET"]}}],"collection":[{"href":"http:\/\/cuoremilano.eu\/index.php\/wp-json\/wp\/v2\/pages"}],"about":[{"href":"http:\/\/cuoremilano.eu\/index.php\/wp-json\/wp\/v2\/types\/page"}],"author":[{"embeddable":true,"href":"http:\/\/cuoremilano.eu\/index.php\/wp-json\/wp\/v2\/users\/1"}],"replies":[{"embeddable":true,"href":"http:\/\/cuoremilano.eu\/index.php\/wp-json\/wp\/v2\/comments?post=116"}],"version-history":[{"count":12,"href":"http:\/\/cuoremilano.eu\/index.php\/wp-json\/wp\/v2\/pages\/116\/revisions"}],"predecessor-version":[{"id":1047,"href":"http:\/\/cuoremilano.eu\/index.php\/wp-json\/wp\/v2\/pages\/116\/revisions\/1047"}],"wp:attachment":[{"href":"http:\/\/cuoremilano.eu\/index.php\/wp-json\/wp\/v2\/media?parent=116"}],"curies":[{"name":"wp","href":"https:\/\/api.w.org\/{rel}","templated":true}]}}